{"id":325,"date":"2015-05-26T21:06:37","date_gmt":"2015-05-26T18:06:37","guid":{"rendered":"http:\/\/elavaravinto.fi\/wp\/?page_id=325"},"modified":"2015-06-05T12:40:20","modified_gmt":"2015-06-05T09:40:20","slug":"salaatit","status":"publish","type":"page","link":"https:\/\/elavaravinto.fi\/wp\/reseptit\/salaatit\/","title":{"rendered":"Salaatit"},"content":{"rendered":"<div id=\"pl-325\"  class=\"panel-layout\" ><div id=\"pg-325-0\"  class=\"panel-grid panel-no-style\" ><div id=\"pgc-325-0-0\"  class=\"panel-grid-cell panel-grid-cell-mobile-last\" ><div id=\"panel-325-0-0-0\" class=\"so-panel widget widget_black-studio-tinymce widget_black_studio_tinymce panel-first-child panel-last-child\" data-index=\"0\" ><h3 class=\"widget-title\">Salaatti<\/h3><div class=\"textwidget\"><p><span style=\"color: #000000;\">300 g Punajuurenlehti\u00e4 tai mangoldin lehti\u00e4 <\/span><br \/><span style=\"color: #000000;\"> 100 g Siitake sieni\u00e4<\/span><br \/><span style=\"color: #000000;\"> 250 g kirsikkatomaattia<\/span><br \/><span style=\"color: #000000;\"> 1\/4 dl kylm\u00e4puristettua hamppu\u00f6ljy\u00e4<\/span><br \/><span style=\"color: #000000;\"> 2 tl ruusu suolaa \/ vuorisuolaa \/ merisuolaa<\/span><br \/> <br \/><span style=\"color: #000000;\"> Raw_vegan_34<\/span><\/p><\/div><\/div><\/div><div id=\"pgc-325-0-1\"  class=\"panel-grid-cell panel-grid-cell-empty\" ><\/div><\/div><\/div>","protected":false},"excerpt":{"rendered":"<p>300 g Punajuurenlehti\u00e4 tai mangoldin lehti\u00e4 100 g Siitake sieni\u00e4 250 g kirsikkatomaattia 1\/4 dl kylm\u00e4puristettua hamppu\u00f6ljy\u00e4 2 tl ruusu suolaa \/ vuorisuolaa \/ merisuolaa Raw_vegan_34<\/p>\n","protected":false},"author":1,"featured_media":0,"parent":15,"menu_order":3,"comment_status":"closed","ping_status":"closed","template":"","meta":{"footnotes":""},"categories":[],"tags":[],"class_list":["post-325","page","type-page","status-publish","hentry"],"_links":{"self":[{"href":"https:\/\/elavaravinto.fi\/wp\/wp-json\/wp\/v2\/pages\/325","targetHints":{"allow":["GET"]}}],"collection":[{"href":"https:\/\/elavaravinto.fi\/wp\/wp-json\/wp\/v2\/pages"}],"about":[{"href":"https:\/\/elavaravinto.fi\/wp\/wp-json\/wp\/v2\/types\/page"}],"author":[{"embeddable":true,"href":"https:\/\/elavaravinto.fi\/wp\/wp-json\/wp\/v2\/users\/1"}],"replies":[{"embeddable":true,"href":"https:\/\/elavaravinto.fi\/wp\/wp-json\/wp\/v2\/comments?post=325"}],"version-history":[{"count":1,"href":"https:\/\/elavaravinto.fi\/wp\/wp-json\/wp\/v2\/pages\/325\/revisions"}],"predecessor-version":[{"id":326,"href":"https:\/\/elavaravinto.fi\/wp\/wp-json\/wp\/v2\/pages\/325\/revisions\/326"}],"up":[{"embeddable":true,"href":"https:\/\/elavaravinto.fi\/wp\/wp-json\/wp\/v2\/pages\/15"}],"wp:attachment":[{"href":"https:\/\/elavaravinto.fi\/wp\/wp-json\/wp\/v2\/media?parent=325"}],"wp:term":[{"taxonomy":"category","embeddable":true,"href":"https:\/\/elavaravinto.fi\/wp\/wp-json\/wp\/v2\/categories?post=325"},{"taxonomy":"post_tag","embeddable":true,"href":"https:\/\/elavaravinto.fi\/wp\/wp-json\/wp\/v2\/tags?post=325"}],"curies":[{"name":"wp","href":"https:\/\/api.w.org\/{rel}","templated":true}]}}