{"id":7627,"date":"2024-07-06T20:18:34","date_gmt":"2024-07-06T17:18:34","guid":{"rendered":"https:\/\/elavaravinto.fi\/wp\/?page_id=7627"},"modified":"2024-10-25T14:14:58","modified_gmt":"2024-10-25T11:14:58","slug":"7627-2","status":"publish","type":"page","link":"https:\/\/elavaravinto.fi\/wp\/7627-2\/","title":{"rendered":"Satu"},"content":{"rendered":"\n<h4 class=\"wp-block-heading has-luminous-vivid-orange-color has-text-color\"><strong>N\u00e4in el\u00e4v\u00e4 ravinto on auttanut minua toteuttamaan unelmani!<\/strong><\/h4>\n\n\n\n<p class=\"has-black-color has-text-color has-link-color wp-elements-31cce7960bbcf51779dbeb66c88f515e\">N\u00e4yttelij\u00e4&nbsp;<strong>Satu Silvo<\/strong>&nbsp;on tehnyt merkitt\u00e4v\u00e4n taiteilijauran ja rakentanut hyvinvointia edist\u00e4v\u00e4n ravintolatoiminnan. T\u00e4ss\u00e4 on otteita h\u00e4nen esityksest\u00e4\u00e4n El\u00e4v\u00e4 raakaravinto ry:n 40-vuotisjuhlassa.<\/p>\n\n\n\n<h4 class=\"wp-block-heading has-luminous-vivid-orange-color has-text-color has-link-color wp-elements-e5328d018642cd44fae82d42fec5567a\"><strong>Rakkautta ensimm\u00e4isest\u00e4 suupalasta l\u00e4htien<\/strong><\/h4>\n\n\n\n<p class=\"has-black-color has-text-color has-link-color wp-elements-206365a0d45c7123aa509ade6b788299\">Silvo sairasteli nuorena paljon. Loputtomat tulehdustilat ja antibioottikuurit ohjasivat ottamaan selv\u00e4\u00e4, mik\u00e4 merkitys ravinnolla on ihmisen hyvinvoinnille.<\/p>\n\n\n\n<p class=\"has-white-color has-text-color has-link-color wp-elements-f329c9f2cc2346ad1e567c12154fcfef\">***<\/p>\n\n\n\n<p class=\"has-white-color has-text-color has-link-color wp-elements-f329c9f2cc2346ad1e567c12154fcfef\">***<\/p>\n\n\n\n<div style=\"width: 100%; height: null; position: relative; padding-top: 56.25%\"><iframe style=\"position: absolute; top: 0; left: 0; width: 100%; height: 100%\" allowtransparency=\"true\"   src=\"https:\/\/adilo.bigcommand.com\/watch\/8oEQajKH \"  frameborder=\"0\" allowfullscreen mozallowfullscreen webkitallowfullscreen oallowfullscreen msallowfullscreen scrolling=\"no\"><\/iframe><\/div>\n\n\n\n<p class=\"has-white-color has-text-color\">***<\/p>\n\n\n\n<p class=\"has-white-color has-text-color\">***<\/p>\n\n\n\n<h4 class=\"wp-block-heading has-luminous-vivid-orange-color has-text-color has-link-color wp-elements-67cfaa1cbe46875449cde989c67782ac\"><strong>&#8221;Ruoka vaikuttaa korvien v\u00e4liss\u00e4!\u201d<\/strong><\/h4>\n\n\n\n<p class=\"has-black-color has-text-color has-link-color wp-elements-a9299cf0c9cb03ec71f48ffaf0f22922\">Satu tutustui kasvisravintola Green Wayta py\u00f6ritt\u00e4v\u00e4n<strong>&nbsp;Marjatta Svennevigin<\/strong>&nbsp;oppeihin el\u00e4v\u00e4n ravinnon parantavasta voimasta. H\u00e4n k\u00e4vi kursseja ja otti asioista selv\u00e4\u00e4. Oma keho kiitti, sill\u00e4 oikea ravinto todella paransi.<\/p>\n\n\n\n<p class=\"has-white-color has-text-color has-link-color wp-elements-f329c9f2cc2346ad1e567c12154fcfef\">***<\/p>\n\n\n\n<p class=\"has-white-color has-text-color has-link-color wp-elements-f329c9f2cc2346ad1e567c12154fcfef\">***<\/p>\n\n\n\n<div style=\"width: 100%; height: null; position: relative; padding-top: 56.25%\"><iframe style=\"position: absolute; top: 0; left: 0; width: 100%; height: 100%\" allowtransparency=\"true\"   src=\"https:\/\/adilo.bigcommand.com\/watch\/BqdDtFb2 \"  frameborder=\"0\" allowfullscreen mozallowfullscreen webkitallowfullscreen oallowfullscreen msallowfullscreen scrolling=\"no\"><\/iframe><\/div>\n\n\n\n<p class=\"has-white-color has-text-color\">***<\/p>\n\n\n\n<p class=\"has-white-color has-text-color\">***<\/p>\n\n\n\n<h4 class=\"wp-block-heading has-luminous-vivid-orange-color has-text-color has-link-color wp-elements-e74bea326c65129997eafbce70f27997\"><strong>\u201dMeid\u00e4n teht\u00e4v\u00e4 on olla kuulolla ja vaikuttaa\u201d<\/strong><\/h4>\n\n\n\n<p class=\"has-black-color has-text-color has-link-color wp-elements-d1a21518a12a22e689f3b0e044a71c96\">Vuonna 1999 Silvo perusti Silvopleen, jossa h\u00e4n halusi jakaa tiet\u00e4myst\u00e4\u00e4n herkullisesta ja luonnollisesta kasvisruuasta. Omassa ravintolassa oli Silvolle ennen kaikkea kyse ravinnon parantavasta voimasta ja hyvinvoinnin tuottamisesta mahdollisimman puhtaalla kasvisruualla. Silvopleen ylellisest\u00e4 lounasp\u00f6yd\u00e4st\u00e4 tuli nopeasti klassikko. Osa haki ravintolan antimista apua terveysongelmiin, osa tuli herkuttelemaan kasvisruualla.<\/p>\n\n\n\n<p class=\"has-white-color has-text-color has-link-color wp-elements-f329c9f2cc2346ad1e567c12154fcfef\">***<\/p>\n\n\n\n<div style=\"width: 100%; height: null; position: relative; padding-top: 56.25%\"><iframe style=\"position: absolute; top: 0; left: 0; width: 100%; height: 100%\" allowtransparency=\"true\"   src=\"https:\/\/adilo.bigcommand.com\/watch\/8j102tMD \"  frameborder=\"0\" allowfullscreen mozallowfullscreen webkitallowfullscreen oallowfullscreen msallowfullscreen scrolling=\"no\"><\/iframe><\/div>\n\n\n\n<p class=\"has-white-color has-text-color\">***<\/p>\n\n\n\n<p class=\"has-white-color has-text-color\">***<\/p>\n\n\n\n<h4 class=\"wp-block-heading has-luminous-vivid-orange-color has-text-color has-link-color wp-elements-22d426a50917a045e924de72e3baa1ab\"><strong>&#8221;Jokaisella on vastuu omasta hyvinvoinnista&#8221;<\/strong><\/h4>\n\n\n\n<p class=\"has-black-color has-text-color has-link-color wp-elements-1fe5c79c14c2c33a9419ddf612f26045\">Satu arvelee, ett\u00e4 yksi tekij\u00e4 h\u00e4nen menestyksens\u00e4 takana on se, ett\u00e4 h\u00e4n ei halua velloa menneisyydess\u00e4\u00e4n.&nbsp; Vastoink\u00e4ymisist\u00e4 selvi\u00e4miseen saa voimaa tekem\u00e4ll\u00e4 sit\u00e4, mit\u00e4 rakastaa ja olemalla arvoilleen uskollinen. Kun maailma muuttuu, meid\u00e4n on muututtava sen mukana. \u201dEtsi ajassa ja olemisen tavassa itse\u00e4si, pysy uskollisena itsellesi ja itsen\u00e4si my\u00f6s pysy!\u201d \u2013 sanoo Satu Silvo.<\/p>\n\n\n\n<p class=\"has-white-color has-text-color has-link-color wp-elements-f329c9f2cc2346ad1e567c12154fcfef\">***<\/p>\n\n\n\n<div style=\"width: 100%; height: null; position: relative; padding-top: 56.25%\"><iframe style=\"position: absolute; top: 0; left: 0; width: 100%; height: 100%\" allowtransparency=\"true\"   src=\"https:\/\/adilo.bigcommand.com\/watch\/9bI8BJ_y \"  frameborder=\"0\" allowfullscreen mozallowfullscreen webkitallowfullscreen oallowfullscreen msallowfullscreen scrolling=\"no\"><\/iframe><\/div>\n","protected":false},"excerpt":{"rendered":"<p>N\u00e4in el\u00e4v\u00e4 ravinto on auttanut minua toteuttamaan unelmani! N\u00e4yttelij\u00e4&nbsp;Satu Silvo&nbsp;on tehnyt merkitt\u00e4v\u00e4n taiteilijauran ja rakentanut hyvinvointia edist\u00e4v\u00e4n ravintolatoiminnan. T\u00e4ss\u00e4 on otteita h\u00e4nen esityksest\u00e4\u00e4n El\u00e4v\u00e4 raakaravinto ry:n 40-vuotisjuhlassa. Rakkautta ensimm\u00e4isest\u00e4 suupalasta l\u00e4htien Silvo sairasteli nuorena paljon. Loputtomat tulehdustilat ja antibioottikuurit ohjasivat ottamaan selv\u00e4\u00e4, mik\u00e4 merkitys ravinnolla on ihmisen hyvinvoinnille. *** *** *** *** &#8221;Ruoka vaikuttaa korvien [&hellip;]<\/p>\n","protected":false},"author":1,"featured_media":0,"parent":0,"menu_order":0,"comment_status":"closed","ping_status":"closed","template":"","meta":{"footnotes":""},"categories":[],"tags":[],"class_list":["post-7627","page","type-page","status-publish","hentry"],"_links":{"self":[{"href":"https:\/\/elavaravinto.fi\/wp\/wp-json\/wp\/v2\/pages\/7627","targetHints":{"allow":["GET"]}}],"collection":[{"href":"https:\/\/elavaravinto.fi\/wp\/wp-json\/wp\/v2\/pages"}],"about":[{"href":"https:\/\/elavaravinto.fi\/wp\/wp-json\/wp\/v2\/types\/page"}],"author":[{"embeddable":true,"href":"https:\/\/elavaravinto.fi\/wp\/wp-json\/wp\/v2\/users\/1"}],"replies":[{"embeddable":true,"href":"https:\/\/elavaravinto.fi\/wp\/wp-json\/wp\/v2\/comments?post=7627"}],"version-history":[{"count":10,"href":"https:\/\/elavaravinto.fi\/wp\/wp-json\/wp\/v2\/pages\/7627\/revisions"}],"predecessor-version":[{"id":8097,"href":"https:\/\/elavaravinto.fi\/wp\/wp-json\/wp\/v2\/pages\/7627\/revisions\/8097"}],"wp:attachment":[{"href":"https:\/\/elavaravinto.fi\/wp\/wp-json\/wp\/v2\/media?parent=7627"}],"wp:term":[{"taxonomy":"category","embeddable":true,"href":"https:\/\/elavaravinto.fi\/wp\/wp-json\/wp\/v2\/categories?post=7627"},{"taxonomy":"post_tag","embeddable":true,"href":"https:\/\/elavaravinto.fi\/wp\/wp-json\/wp\/v2\/tags?post=7627"}],"curies":[{"name":"wp","href":"https:\/\/api.w.org\/{rel}","templated":true}]}}